{"id":95,"date":"2017-01-24T09:37:29","date_gmt":"2017-01-24T09:37:29","guid":{"rendered":"http:\/\/neu.noat.de\/?page_id=95"},"modified":"2017-01-24T11:36:11","modified_gmt":"2017-01-24T11:36:11","slug":"flaechenschleifer-cnc-vega","status":"publish","type":"page","link":"https:\/\/www.noat.de\/?page_id=95","title":{"rendered":"Fl\u00e4chenschleifer CNC VEGA"},"content":{"rendered":"<p>VEGA ist eine Maschine zum schleifen, polieren und b\u00fcrsten von Oberfl\u00e4chen, diese Maschine kann auch bohren, Kontur fr\u00e4sen und Schriften fr\u00e4sen in Marmor und Granit.<\/p>\n<p>Die Monoblock Bauweise besteht aus einem geschwei\u00dften St\u00fcck.<\/p>\n<p>&nbsp;<\/p>\n<p><img loading=\"lazy\" decoding=\"async\" class=\"alignnone wp-image-96\" src=\"http:\/\/neu.noat.de\/wp-content\/uploads\/2017\/01\/NOAT_VEGA-300x225.jpg\" alt=\"\" width=\"555\" height=\"416\" srcset=\"https:\/\/www.noat.de\/wp-content\/uploads\/2017\/01\/NOAT_VEGA-300x225.jpg 300w, https:\/\/www.noat.de\/wp-content\/uploads\/2017\/01\/NOAT_VEGA-768x576.jpg 768w, https:\/\/www.noat.de\/wp-content\/uploads\/2017\/01\/NOAT_VEGA-1024x768.jpg 1024w, https:\/\/www.noat.de\/wp-content\/uploads\/2017\/01\/NOAT_VEGA.jpg 1600w\" sizes=\"(max-width: 555px) 100vw, 555px\" \/><\/p>\n","protected":false},"excerpt":{"rendered":"<p>VEGA ist eine Maschine zum schleifen, polieren und b\u00fcrsten von Oberfl\u00e4chen, diese Maschine kann auch bohren, Kontur fr\u00e4sen und Schriften fr\u00e4sen in Marmor und Granit. Die Monoblock Bauweise besteht aus einem geschwei\u00dften<a class=\"moretag\" href=\"https:\/\/www.noat.de\/?page_id=95\">Read More&#8230;<\/a><\/p>\n","protected":false},"author":1,"featured_media":0,"parent":87,"menu_order":2,"comment_status":"closed","ping_status":"closed","template":"","meta":{"footnotes":""},"_links":{"self":[{"href":"https:\/\/www.noat.de\/index.php?rest_route=\/wp\/v2\/pages\/95"}],"collection":[{"href":"https:\/\/www.noat.de\/index.php?rest_route=\/wp\/v2\/pages"}],"about":[{"href":"https:\/\/www.noat.de\/index.php?rest_route=\/wp\/v2\/types\/page"}],"author":[{"embeddable":true,"href":"https:\/\/www.noat.de\/index.php?rest_route=\/wp\/v2\/users\/1"}],"replies":[{"embeddable":true,"href":"https:\/\/www.noat.de\/index.php?rest_route=%2Fwp%2Fv2%2Fcomments&post=95"}],"version-history":[{"count":3,"href":"https:\/\/www.noat.de\/index.php?rest_route=\/wp\/v2\/pages\/95\/revisions"}],"predecessor-version":[{"id":153,"href":"https:\/\/www.noat.de\/index.php?rest_route=\/wp\/v2\/pages\/95\/revisions\/153"}],"up":[{"embeddable":true,"href":"https:\/\/www.noat.de\/index.php?rest_route=\/wp\/v2\/pages\/87"}],"wp:attachment":[{"href":"https:\/\/www.noat.de\/index.php?rest_route=%2Fwp%2Fv2%2Fmedia&parent=95"}],"curies":[{"name":"wp","href":"https:\/\/api.w.org\/{rel}","templated":true}]}}