{"id":89,"date":"2017-01-24T09:15:35","date_gmt":"2017-01-24T09:15:35","guid":{"rendered":"http:\/\/neu.noat.de\/?page_id=89"},"modified":"2017-01-24T09:15:35","modified_gmt":"2017-01-24T09:15:35","slug":"flaechenschleifer-tl-35","status":"publish","type":"page","link":"https:\/\/www.noat.de\/?page_id=89","title":{"rendered":"Fl\u00e4chenschleifer TL-35"},"content":{"rendered":"<p>Seine robuste Struktur der Fl\u00e4chenschleifmaschinen TL35 sorgt f\u00fcr Stabilit\u00e4t und gleichzeitig d\u00e4mpfend gegen\u00fcber der Vibrationen beim Arbeiten.<\/p>\n<p><a href=\"http:\/\/update.noat.de\/wp-content\/uploads\/2014\/11\/Flaechenschleifmaschinen-TL-35.jpg\"><img loading=\"lazy\" decoding=\"async\" class=\" size-full wp-image-229 aligncenter\" src=\"http:\/\/update.noat.de\/wp-content\/uploads\/2014\/11\/Flaechenschleifmaschinen-TL-35.jpg\" alt=\"Fl\u00e4chenschleifmaschinen TL 35\" width=\"500\" height=\"374\" \/><\/a><\/p>\n<p>Lackierung: Vorheriges Sandstrahlen und anschlie\u00dfendes Verzinken garantieren einen Langzeitschutz vor Korrosion.<\/p>\n<p>Dank der neuen Steuerung k\u00f6nnen Sie endlich eine Hochglanzpolitur auf schwer zu bearbeiten Materialien erreichen.<\/p>\n<p>Die F\u00fchrungen \u201eV\u201c sind in einem \u00d6lbad \u00fcber ihre gesamte L\u00e4nge gesch\u00fctzt, um eine lange Lebensdauer mit minimaler Wartungsaufwand zu gew\u00e4hrleisten.<\/p>\n<p><a href=\"http:\/\/update.noat.de\/wp-content\/uploads\/2014\/11\/Flaechenschleifmaschinen-TL-35-Bild2.jpg\"><img loading=\"lazy\" decoding=\"async\" class=\" size-full wp-image-230 aligncenter\" src=\"http:\/\/update.noat.de\/wp-content\/uploads\/2014\/11\/Flaechenschleifmaschinen-TL-35-Bild2.jpg\" alt=\"Fl\u00e4chenschleifmaschinen TL 35 Granit\" width=\"500\" height=\"375\" \/><\/a><\/p>\n<p>In der Standardversion\u00a0ist die Maschine in der Lage, 4 verschiedenen Arbeitsprogramme\u00a0auszuf\u00fchren:<\/p>\n<p>1 &#8211;\u00a0Konturarbeiten<\/p>\n<p>2\u00a0&#8211; Quer Zickzack<\/p>\n<p>3\u00a0&#8211; L\u00e4ngs Zickzack<\/p>\n<p>4 &#8211;\u00a0Zick-Zack<\/p>\n<p>&nbsp;<\/p>\n<p>&nbsp;<\/p>\n","protected":false},"excerpt":{"rendered":"<p>Seine robuste Struktur der Fl\u00e4chenschleifmaschinen TL35 sorgt f\u00fcr Stabilit\u00e4t und gleichzeitig d\u00e4mpfend gegen\u00fcber der Vibrationen beim Arbeiten. Lackierung: Vorheriges Sandstrahlen und anschlie\u00dfendes Verzinken garantieren einen Langzeitschutz vor Korrosion. Dank der neuen Steuerung<a class=\"moretag\" href=\"https:\/\/www.noat.de\/?page_id=89\">Read More&#8230;<\/a><\/p>\n","protected":false},"author":1,"featured_media":0,"parent":87,"menu_order":0,"comment_status":"closed","ping_status":"closed","template":"","meta":{"footnotes":""},"_links":{"self":[{"href":"https:\/\/www.noat.de\/index.php?rest_route=\/wp\/v2\/pages\/89"}],"collection":[{"href":"https:\/\/www.noat.de\/index.php?rest_route=\/wp\/v2\/pages"}],"about":[{"href":"https:\/\/www.noat.de\/index.php?rest_route=\/wp\/v2\/types\/page"}],"author":[{"embeddable":true,"href":"https:\/\/www.noat.de\/index.php?rest_route=\/wp\/v2\/users\/1"}],"replies":[{"embeddable":true,"href":"https:\/\/www.noat.de\/index.php?rest_route=%2Fwp%2Fv2%2Fcomments&post=89"}],"version-history":[{"count":1,"href":"https:\/\/www.noat.de\/index.php?rest_route=\/wp\/v2\/pages\/89\/revisions"}],"predecessor-version":[{"id":90,"href":"https:\/\/www.noat.de\/index.php?rest_route=\/wp\/v2\/pages\/89\/revisions\/90"}],"up":[{"embeddable":true,"href":"https:\/\/www.noat.de\/index.php?rest_route=\/wp\/v2\/pages\/87"}],"wp:attachment":[{"href":"https:\/\/www.noat.de\/index.php?rest_route=%2Fwp%2Fv2%2Fmedia&parent=89"}],"curies":[{"name":"wp","href":"https:\/\/api.w.org\/{rel}","templated":true}]}}