{"id":79,"date":"2017-01-24T08:42:58","date_gmt":"2017-01-24T08:42:58","guid":{"rendered":"http:\/\/neu.noat.de\/?page_id=79"},"modified":"2017-01-24T08:42:58","modified_gmt":"2017-01-24T08:42:58","slug":"brueckensaege-antares","status":"publish","type":"page","link":"https:\/\/www.noat.de\/?page_id=79","title":{"rendered":"Br\u00fcckens\u00e4ge ANTARES"},"content":{"rendered":"<p><span class=\"hps\">Die <strong>NOAT<\/strong>\u00a0<em><strong>Br\u00fcckens\u00e4ge<\/strong><\/em><\/span><em><strong>\u00a0<span class=\"hps\">ANTARES<\/span><\/strong><\/em> ist eine robuste S\u00e4ge (Tr\u00e4gerdicke 50cm) Das S\u00e4geblatt kann manuell geschwenkt werden (von 0\u00b0 &#8211; 90\u00b0) Ein Farbtouchscreen sorgt f\u00fcr einfaches Arbeiten mit der Maschine.<\/p>\n<p><a href=\"http:\/\/update.noat.de\/wp-content\/uploads\/2014\/11\/Antares_017_450.jpg\"><img loading=\"lazy\" decoding=\"async\" class=\" size-full wp-image-62 aligncenter\" src=\"http:\/\/update.noat.de\/wp-content\/uploads\/2014\/11\/Antares_017_450.jpg\" alt=\"Br\u00fcckens\u00e4ge Antares\" width=\"450\" height=\"300\" \/><\/a><\/p>\n<h2>Maschinenaufbau von Antares:<\/h2>\n<p>Die Br\u00fccken ist aus sehr dicken Stahl gefertigt, zwei aus geh\u00e4rteten Stahl gefertigte F\u00fchrungsschienen sorgen f\u00fcr Genauigkeit beim Arbeiten und eine lange Lebensdauer.<\/p>\n<p>Wir legen viel Wert auf die Lackierung: Vor der doppelten Lackierung werden alle Teile sandgestrahlt und anschlie\u00dfend sofort mit einer Grundierung auf Zink-Basis behandelt.<\/p>\n<p>Die Br\u00fcckens\u00e4ge ANTARES\u00a0ist komplett durch Faltenbalge gesch\u00fctzt. Sie sch\u00fctzen vor Staub und Spritzwasser, und garantieren so eine lange Lebensdauer der Br\u00fcckens\u00e4ge.<\/p>\n<p>Die Maschine ist mit einfach zu erlernenden Symbolen auf den Kn\u00f6pfen an der Vorderseite ausgestattet.<\/p>\n<h2>Lagerung der Br\u00fcckens\u00e4ge Antares:<\/h2>\n<p>Der S\u00e4geblatthalter ist auf Kugelumlauff\u00fchrungen gelagert, die eine hohe Stabilit\u00e4t und Genauigkeit des Werkzeugs garantieren.<\/p>\n<p><a href=\"http:\/\/update.noat.de\/wp-content\/uploads\/2014\/11\/Antares_03_1.jpg\"><img loading=\"lazy\" decoding=\"async\" class=\" size-full wp-image-63 aligncenter\" src=\"http:\/\/update.noat.de\/wp-content\/uploads\/2014\/11\/Antares_03_1.jpg\" alt=\"Br\u00fcckens\u00e4ge Antares\" width=\"450\" height=\"300\" \/><\/a><\/p>\n<p>Alle F\u00fchrungen der Maschine sind mit sogenannten Faltenb\u00e4lgen gesch\u00fctzt. Diese verhindern das Staub und Spritzwasser die Langlebigkeit der Maschine beeinflussen.<br \/>\nDie Genauigkeit der Achsen wird durch die Kombination von vektoriellen Motoren mit geschliffenen Zahnr\u00e4dern und Zahnstangen mit geringen Toleranzen gew\u00e4hrleistet.<\/p>\n<p>Kabelf\u00fchrungen: Die Kabel werden durch Kabelf\u00fchrungsketten gesch\u00fctzt.<\/p>\n<p>Der Arbeitstisch kann von Hand oder automatisch gedreht werden. Er ist von 0\u00b0 bis 360\u00b0 frei programmierbar und kann endlos rotieren.<\/p>\n<p>Schutzgitter und Sicherheitseinrichtungen zugelassen nach EC-Normen.<\/p>\n<p>Parameter Programmierung mit der M\u00f6glichkeit 9 verschiedene Querbewegungen in Verbindung mit der Tischrotation bis zu 999 x wiederholen zu lassen.<\/p>\n<p>Programmierung und Anzeige einer Abw\u00e4rtsbewegung des S\u00e4geblattes (Vorw\u00e4rts- und R\u00fcckw\u00e4rtsschnitte mit unterschiedlicher Tiefe beim Absenken).<\/p>\n<p>Automatik um den letzten Schnitt bei Granit-Werkstoffen in mehreren Schritten auszuf\u00fchren (die Maschine f\u00fchrt den Letzten Schnitt bei niedrigerer Drehzahl im Gegenlauf aus, um den unteren Teil des Werkst\u00fcckes nicht zu besch\u00e4digen).<\/p>\n<p>Anzeige der realen Schnittgeschwindigkeit.<\/p>\n<p>Zentralschmierung mit Fett.<\/p>\n<p>Maschinenstop bei fehlender K\u00fchlfl\u00fcssigkeit.<\/p>\n<h2>Maschinen Daten der\u00a0Br\u00fcckens\u00e4ge ANTARES<\/h2>\n<table style=\"height: 182px;\" width=\"566\">\n<tbody>\n<tr>\n<td>L\u00e4ngsverschiebung:<\/td>\n<td style=\"text-align: right;\">3700 mm<\/td>\n<\/tr>\n<tr>\n<td>Br\u00fcckenquerverschiebung:<\/td>\n<td style=\"text-align: right;\">3600 mm<\/td>\n<\/tr>\n<tr>\n<td>Absenkung:<\/td>\n<td style=\"text-align: right;\">500 mm<\/td>\n<\/tr>\n<tr>\n<td>Blattdurchmesser:<\/td>\n<td style=\"text-align: right;\">350 \u2013 825 mm<\/td>\n<\/tr>\n<tr>\n<td>Tischabmessung:<\/td>\n<td style=\"text-align: right;\">3500 x 1800 mm<\/td>\n<\/tr>\n<tr>\n<td>S\u00e4geblattmotorst\u00e4rke:<\/td>\n<td style=\"text-align: right;\">17,5 \u2013 22\/S6 KW<\/td>\n<\/tr>\n<\/tbody>\n<\/table>\n","protected":false},"excerpt":{"rendered":"<p>Die NOAT\u00a0Br\u00fcckens\u00e4ge\u00a0ANTARES ist eine robuste S\u00e4ge (Tr\u00e4gerdicke 50cm) Das S\u00e4geblatt kann manuell geschwenkt werden (von 0\u00b0 &#8211; 90\u00b0) Ein Farbtouchscreen sorgt f\u00fcr einfaches Arbeiten mit der Maschine. Maschinenaufbau von Antares: Die Br\u00fccken<a class=\"moretag\" href=\"https:\/\/www.noat.de\/?page_id=79\">Read More&#8230;<\/a><\/p>\n","protected":false},"author":1,"featured_media":0,"parent":77,"menu_order":1,"comment_status":"closed","ping_status":"closed","template":"","meta":{"footnotes":""},"_links":{"self":[{"href":"https:\/\/www.noat.de\/index.php?rest_route=\/wp\/v2\/pages\/79"}],"collection":[{"href":"https:\/\/www.noat.de\/index.php?rest_route=\/wp\/v2\/pages"}],"about":[{"href":"https:\/\/www.noat.de\/index.php?rest_route=\/wp\/v2\/types\/page"}],"author":[{"embeddable":true,"href":"https:\/\/www.noat.de\/index.php?rest_route=\/wp\/v2\/users\/1"}],"replies":[{"embeddable":true,"href":"https:\/\/www.noat.de\/index.php?rest_route=%2Fwp%2Fv2%2Fcomments&post=79"}],"version-history":[{"count":1,"href":"https:\/\/www.noat.de\/index.php?rest_route=\/wp\/v2\/pages\/79\/revisions"}],"predecessor-version":[{"id":80,"href":"https:\/\/www.noat.de\/index.php?rest_route=\/wp\/v2\/pages\/79\/revisions\/80"}],"up":[{"embeddable":true,"href":"https:\/\/www.noat.de\/index.php?rest_route=\/wp\/v2\/pages\/77"}],"wp:attachment":[{"href":"https:\/\/www.noat.de\/index.php?rest_route=%2Fwp%2Fv2%2Fmedia&parent=79"}],"curies":[{"name":"wp","href":"https:\/\/api.w.org\/{rel}","templated":true}]}}