{"id":63,"date":"2017-01-24T08:28:14","date_gmt":"2017-01-24T08:28:14","guid":{"rendered":"http:\/\/neu.noat.de\/?page_id=63"},"modified":"2017-01-30T11:43:57","modified_gmt":"2017-01-30T11:43:57","slug":"drehkopf-brueckensaege-rapida-725","status":"publish","type":"page","link":"https:\/\/www.noat.de\/?page_id=63","title":{"rendered":"Drehkopf Br\u00fcckens\u00e4ge RAPIDA 725"},"content":{"rendered":"<p>Die <strong>NOAT Drehkopf Br\u00fcckens\u00e4ge RAPIDA 725<\/strong> ist eine reine CNC Br\u00fcckens\u00e4ge f\u00fcr Kunden die keine Fr\u00e4sarbeiten ausf\u00fchren wollen, mechanisch ist sie mit der <a href=\"http:\/\/www.noat.de\/maschinen\/5-achsen-drehkopfsaege\/drehkopf-brueckensaege-sfera-625\/\">Drehkopf Br\u00fcckens\u00e4ge SFERA 625<\/a> identisch. Sie wird auf Beton oder Stahlfundamenten montiert.\u00a0<span style=\"line-height: 1.5;\">Die Elektronik und Software entspricht die der <a href=\"http:\/\/www.noat.de\/maschinen\/5-achsen-drehkopfsaege\/drehkopf-brueckensaege-qubo\/\">Drehkopf Br\u00fcckens\u00e4ge QUBO<\/a>.<\/span><\/p>\n<p>Unser Ziel war es, den Kunden eine robuste Maschine (wie die <a href=\"http:\/\/www.noat.de\/maschinen\/5-achsen-drehkopfsaege\/drehkopf-brueckensaege-sfera-625\/\">Drehkopf Br\u00fcckens\u00e4ge SFERA 625<\/a>) mit einer einfachen Bedienung (wie die <a href=\"http:\/\/www.noat.de\/maschinen\/5-achsen-drehkopfsaege\/drehkopf-brueckensaege-qubo\/\">Drehkopf Br\u00fcckens\u00e4ge QUBO<\/a>) anzubieten.\u00a0Ausgestattet mit \u201eBrushless\u201c Motoren schnelle und einfache Bedienung der manuellen und automatischen CNC Steuerung \u00fcber ein Bedienfeld mit gro\u00dfem Touchscreen.<\/p>\n<p><img loading=\"lazy\" decoding=\"async\" class=\" size-full wp-image-176 aligncenter\" src=\"http:\/\/update.noat.de\/wp-content\/uploads\/2014\/11\/drehkopf-brueckensaecke-Rapida-725.jpg\" alt=\"Drehkopf Br\u00fcckens\u00e4ge Rapida 725\" width=\"500\" height=\"375\" \/><\/p>\n<h2>Struktur der Drehkopf Br\u00fcckens\u00e4ge RAPIDA 725:<\/h2>\n<p>Die Br\u00fccke ist aus extra dickem Stahl gefertigt und hat zwei robuste, aus geh\u00e4rtetem Stahl bestehende Gleitf\u00fchrungen, so dass die Maschine, lange Zeit pr\u00e4zise arbeiten kann. Die F\u00fchrungsschienen der Br\u00fccke sind aus geh\u00e4rtetem Stahl gefertigt und durch Stahlabdeckungen gegen Verschmutzung gesch\u00fctzt. Lackierung: Vorheriges Sandstrahlen und anschlie\u00dfendes Verzinken garantieren einen Langzeitschutz vor Korrosion. Bedienfeld ist mit gro\u00dfen Touchscreen Display mit Druckknopf montiert, die wichtigsten Parameter der Maschine werden angezeigt, Funktionen sind einfach zu bedienen.<\/p>\n<p><a href=\"http:\/\/www.noat.de\/wp-content\/uploads\/2014\/11\/drehkopf-brueckensaecke-Rapida-725-45grad.jpg\"><img loading=\"lazy\" decoding=\"async\" class=\" size-full wp-image-177 aligncenter\" src=\"http:\/\/update.noat.de\/wp-content\/uploads\/2014\/11\/drehkopf-brueckensaecke-Rapida-725-45grad.jpg\" alt=\"drehkopf-brueckensaecke-Rapida-725-45grad\" width=\"412\" height=\"500\" \/><\/a><\/p>\n<p>Die F\u00f6rderung, Br\u00fccke, Absenkung und H\u00f6henverstellung der S\u00e4gebl\u00e4tter laufen alle auf Kugelumlauff\u00fchrungen,<br \/>\ndie eine hervorragende Genauigkeit bei der Positionierung und extrem schneller Bewegungen<br \/>\nerlauben. Das System ist sehr ruhig und komplett von Abdeckungen gesch\u00fctzt. Auch die<br \/>\nR\u00fcckseite ist vor Staub und Wasser gesch\u00fctzt um eine Beeintr\u00e4chtigung seiner Leistung im Laufe der<br \/>\nZeit zu verhindern. Um die Achsen zu bewegen werden \u201cBrushless\u201d-Motoren und pr\u00e4zise Untersetzungsgetriebe<br \/>\nverwendet. Ritzel und Zahnstangen mit schr\u00e4gen Z\u00e4hnen werden verwendet um die Xund<br \/>\nY-Achse zu bewegen. Dagegen wird die Z-Achse durch Schrauben in einem Kugelumlauf gef\u00fchrt.<\/p>\n<p><a href=\"http:\/\/www.noat.de\/wp-content\/uploads\/2014\/11\/drehkopf-brueckensaecke-Rapida-725-Fertigarbeit.jpg\"><img loading=\"lazy\" decoding=\"async\" class=\" size-full wp-image-178 aligncenter\" src=\"http:\/\/update.noat.de\/wp-content\/uploads\/2014\/11\/drehkopf-brueckensaecke-Rapida-725-Fertigarbeit.jpg\" alt=\"drehkopf br\u00fcckens\u00e4cke Rapida 725 Fertigarbeit\" width=\"450\" height=\"338\" \/><\/a><\/p>\n<p><a href=\"http:\/\/www.noat.de\/wp-content\/uploads\/2014\/11\/drehkopf-brueckensaecke-Rapida-725-Arbeit.jpg\"><img loading=\"lazy\" decoding=\"async\" class=\" size-full wp-image-179 aligncenter\" src=\"http:\/\/update.noat.de\/wp-content\/uploads\/2014\/11\/drehkopf-brueckensaecke-Rapida-725-Arbeit.jpg\" alt=\"drehkopf br\u00fcckens\u00e4cke Rapida 725 Arbeit\" width=\"375\" height=\"500\" \/><\/a><\/p>\n<p>&nbsp;<\/p>\n<table style=\"height: 242px;\" width=\"100%\">\n<tbody>\n<tr>\n<td>\u00a0Verfahrweg X Achsen:<\/td>\n<td style=\"text-align: right;\">\u00a03.700 mm<\/td>\n<\/tr>\n<tr>\n<td>\u00a0Verfahrweg Y Achsen:<\/td>\n<td style=\"text-align: right;\">\u00a02.600 mm<\/td>\n<\/tr>\n<tr>\n<td>\u00a0Verfahrweg Z Achsen:<\/td>\n<td style=\"text-align: right;\">\u00a0500 mm<\/td>\n<\/tr>\n<tr>\n<td>\u00a0Motorleistung:<\/td>\n<td style=\"text-align: right;\">\u00a017,6\/S6 KW<\/td>\n<\/tr>\n<tr>\n<td>\u00a0Motorisierte Drehkopf:<\/td>\n<td style=\"text-align: right;\">\u00a00 bis 360\u00b0<\/td>\n<\/tr>\n<tr>\n<td>\u00a0Motorisierte Schwenkkopf:<\/td>\n<td style=\"text-align: right;\">\u00a00 bis 90\u00b0<\/td>\n<\/tr>\n<tr>\n<td>\u00a0Max Diamantscheibe \u00d8:<\/td>\n<td style=\"text-align: right;\">\u00a0350\u2014725 mm<\/td>\n<\/tr>\n<tr>\n<td>\u00a0Fester Tisch (nicht drehbar):<\/td>\n<td style=\"text-align: right;\">\u00a03.500 x 2.000 mm<\/td>\n<\/tr>\n<\/tbody>\n<\/table>\n","protected":false},"excerpt":{"rendered":"<p>Die NOAT Drehkopf Br\u00fcckens\u00e4ge RAPIDA 725 ist eine reine CNC Br\u00fcckens\u00e4ge f\u00fcr Kunden die keine Fr\u00e4sarbeiten ausf\u00fchren wollen, mechanisch ist sie mit der Drehkopf Br\u00fcckens\u00e4ge SFERA 625 identisch. Sie wird auf Beton<a class=\"moretag\" href=\"https:\/\/www.noat.de\/?page_id=63\">Read More&#8230;<\/a><\/p>\n","protected":false},"author":1,"featured_media":0,"parent":50,"menu_order":6,"comment_status":"closed","ping_status":"closed","template":"","meta":{"footnotes":""},"_links":{"self":[{"href":"https:\/\/www.noat.de\/index.php?rest_route=\/wp\/v2\/pages\/63"}],"collection":[{"href":"https:\/\/www.noat.de\/index.php?rest_route=\/wp\/v2\/pages"}],"about":[{"href":"https:\/\/www.noat.de\/index.php?rest_route=\/wp\/v2\/types\/page"}],"author":[{"embeddable":true,"href":"https:\/\/www.noat.de\/index.php?rest_route=\/wp\/v2\/users\/1"}],"replies":[{"embeddable":true,"href":"https:\/\/www.noat.de\/index.php?rest_route=%2Fwp%2Fv2%2Fcomments&post=63"}],"version-history":[{"count":5,"href":"https:\/\/www.noat.de\/index.php?rest_route=\/wp\/v2\/pages\/63\/revisions"}],"predecessor-version":[{"id":181,"href":"https:\/\/www.noat.de\/index.php?rest_route=\/wp\/v2\/pages\/63\/revisions\/181"}],"up":[{"embeddable":true,"href":"https:\/\/www.noat.de\/index.php?rest_route=\/wp\/v2\/pages\/50"}],"wp:attachment":[{"href":"https:\/\/www.noat.de\/index.php?rest_route=%2Fwp%2Fv2%2Fmedia&parent=63"}],"curies":[{"name":"wp","href":"https:\/\/api.w.org\/{rel}","templated":true}]}}